{"id":771,"date":"2023-10-24T19:12:21","date_gmt":"2023-10-24T19:12:21","guid":{"rendered":"https:\/\/www.cercatechnology.com\/pe\/?page_id=771"},"modified":"2024-08-22T18:19:31","modified_gmt":"2024-08-22T18:19:31","slug":"textil","status":"publish","type":"page","link":"https:\/\/www.cercatechnology.com\/pe\/portfolio\/textil\/","title":{"rendered":"Textil"},"content":{"rendered":"\t\t<div data-elementor-type=\"wp-page\" data-elementor-id=\"771\" class=\"elementor elementor-771\" data-elementor-post-type=\"page\">\n\t\t\t\t\t\t\t<div class=\"elementor-element elementor-element-afe8769 e-flex e-con-boxed e-con e-parent\" data-id=\"afe8769\" data-element_type=\"container\" data-settings=\"{&quot;background_background&quot;:&quot;classic&quot;,&quot;container_type&quot;:&quot;flex&quot;,&quot;content_width&quot;:&quot;boxed&quot;}\" data-e-bg-lazyload=\"\" data-core-v316-plus=\"true\">\n\t\t\t\t\t<div class=\"e-con-inner\">\n\t\t\t\t<div class=\"elementor-element elementor-element-b23f7a6 elementor-widget elementor-widget-heading\" data-id=\"b23f7a6\" data-element_type=\"widget\" data-widget_type=\"heading.default\">\n\t\t\t\t<div class=\"elementor-widget-container\">\n\t\t\t<style>\/*! elementor - v3.17.0 - 08-11-2023 *\/\n.elementor-heading-title{padding:0;margin:0;line-height:1}.elementor-widget-heading .elementor-heading-title[class*=elementor-size-]>a{color:inherit;font-size:inherit;line-height:inherit}.elementor-widget-heading .elementor-heading-title.elementor-size-small{font-size:15px}.elementor-widget-heading .elementor-heading-title.elementor-size-medium{font-size:19px}.elementor-widget-heading .elementor-heading-title.elementor-size-large{font-size:29px}.elementor-widget-heading .elementor-heading-title.elementor-size-xl{font-size:39px}.elementor-widget-heading .elementor-heading-title.elementor-size-xxl{font-size:59px}<\/style><h2 class=\"elementor-heading-title elementor-size-default\">Textil<\/h2>\t\t<\/div>\n\t\t\t\t<\/div>\n\t\t\t\t\t<\/div>\n\t\t\t\t<\/div>\n\t\t<div class=\"elementor-element elementor-element-f1e0bbf e-flex e-con-boxed e-con e-parent\" data-id=\"f1e0bbf\" data-element_type=\"container\" data-settings=\"{&quot;container_type&quot;:&quot;flex&quot;,&quot;content_width&quot;:&quot;boxed&quot;}\" data-core-v316-plus=\"true\">\n\t\t\t\t\t<div class=\"e-con-inner\">\n\t\t\t\t<div class=\"elementor-element elementor-element-aa748aa elementor-widget elementor-widget-text-editor\" data-id=\"aa748aa\" data-element_type=\"widget\" data-widget_type=\"text-editor.default\">\n\t\t\t\t<div class=\"elementor-widget-container\">\n\t\t\t<style>\/*! elementor - v3.17.0 - 08-11-2023 *\/\n.elementor-widget-text-editor.elementor-drop-cap-view-stacked .elementor-drop-cap{background-color:#69727d;color:#fff}.elementor-widget-text-editor.elementor-drop-cap-view-framed .elementor-drop-cap{color:#69727d;border:3px solid;background-color:transparent}.elementor-widget-text-editor:not(.elementor-drop-cap-view-default) .elementor-drop-cap{margin-top:8px}.elementor-widget-text-editor:not(.elementor-drop-cap-view-default) .elementor-drop-cap-letter{width:1em;height:1em}.elementor-widget-text-editor .elementor-drop-cap{float:left;text-align:center;line-height:1;font-size:50px}.elementor-widget-text-editor .elementor-drop-cap-letter{display:inline-block}<\/style>\t\t\t\t<p>Cerca Technology es el proveedor l\u00edder en la regi\u00f3n de soluciones de software y hardware para la Cadena de Abastecimiento.<\/p><p>Nuestro equipo de consultores, expertos en log\u00edstica y tecnolog\u00eda, es el m\u00e1s grande en Latinoam\u00e9rica, ha implementado proyectos para la ejecuci\u00f3n de la Cadena de Abastecimiento en Am\u00e9rica Latina y el Caribe con m\u00e1s \u00e9xito que cualquier otro proveedor en la regi\u00f3n, completando m\u00e1s de 200 implementaciones en m\u00e1s de 15 pa\u00edses.<\/p>\t\t\t\t\t\t<\/div>\n\t\t\t\t<\/div>\n\t\t\t\t\t<\/div>\n\t\t\t\t<\/div>\n\t\t<div class=\"elementor-element elementor-element-0414f65 e-flex e-con-boxed e-con e-parent\" data-id=\"0414f65\" data-element_type=\"container\" data-settings=\"{&quot;container_type&quot;:&quot;flex&quot;,&quot;content_width&quot;:&quot;boxed&quot;}\" data-core-v316-plus=\"true\">\n\t\t\t\t\t<div class=\"e-con-inner\">\n\t\t\t\t<div class=\"elementor-element elementor-element-dd45cdb elementor-widget elementor-widget-heading\" data-id=\"dd45cdb\" data-element_type=\"widget\" data-widget_type=\"heading.default\">\n\t\t\t\t<div class=\"elementor-widget-container\">\n\t\t\t<h2 class=\"elementor-heading-title elementor-size-default\">Caso de \u00c9xito: Acom<\/h2>\t\t<\/div>\n\t\t\t\t<\/div>\n\t\t\t\t\t<\/div>\n\t\t\t\t<\/div>\n\t\t<div class=\"elementor-element elementor-element-cb9879f e-flex e-con-boxed e-con e-parent\" data-id=\"cb9879f\" data-element_type=\"container\" data-settings=\"{&quot;background_background&quot;:&quot;classic&quot;,&quot;container_type&quot;:&quot;flex&quot;,&quot;content_width&quot;:&quot;boxed&quot;}\" data-e-bg-lazyload=\"\" data-core-v316-plus=\"true\">\n\t\t\t\t\t<div class=\"e-con-inner\">\n\t\t<div class=\"elementor-element elementor-element-e4514f8 e-con-full e-flex e-con e-child\" data-id=\"e4514f8\" data-element_type=\"container\" data-settings=\"{&quot;content_width&quot;:&quot;full&quot;,&quot;container_type&quot;:&quot;flex&quot;}\">\n\t\t\t\t<\/div>\n\t\t<div class=\"elementor-element elementor-element-5ef2aae e-con-full e-flex e-con e-child\" data-id=\"5ef2aae\" data-element_type=\"container\" data-settings=\"{&quot;content_width&quot;:&quot;full&quot;,&quot;container_type&quot;:&quot;flex&quot;}\">\n\t\t\t\t<div class=\"elementor-element elementor-element-203b8b3 elementor-view-default elementor-widget elementor-widget-icon\" data-id=\"203b8b3\" data-element_type=\"widget\" data-widget_type=\"icon.default\">\n\t\t\t\t<div class=\"elementor-widget-container\">\n\t\t\t\t\t<div class=\"elementor-icon-wrapper\">\n\t\t\t<div class=\"elementor-icon\">\n\t\t\t<svg xmlns=\"http:\/\/www.w3.org\/2000\/svg\" xmlns:xlink=\"http:\/\/www.w3.org\/1999\/xlink\" id=\"Capa_1\" x=\"0px\" y=\"0px\" viewBox=\"0 0 100 100\" style=\"enable-background:new 0 0 100 100;\" xml:space=\"preserve\"><g>\t<path d=\"M9.39,56.48c0.11-1.31,0.23-2.62,0.31-3.94c0.3-4.51,0.9-8.97,2.14-13.32C13.6,33.08,17,27.96,21.6,23.57  c4.08-3.9,8.78-6.82,13.95-9.02c2.16-0.92,4.21-0.16,5.26,1.95c1.08,2.17,2.13,4.36,3.13,6.57c1.02,2.25,0.15,4.42-2.19,5.47  c-2.83,1.27-5.5,2.79-7.81,4.89c-3.42,3.1-5.3,7.03-6.31,11.45c-0.54,2.37-0.86,4.76-0.8,7.3c0.33,0,0.61,0,0.9,0  c3.59,0,7.19,0.08,10.78-0.02c3.08-0.09,4.56,2.22,4.53,4.5C42.95,64.87,43,73.09,43,81.3c0,2.92-1.59,4.5-4.5,4.5  c-8.06,0-16.12-0.04-24.18,0.03c-2.43,0.02-4.14-0.81-4.94-3.18C9.39,73.93,9.39,65.21,9.39,56.48z\"><\/path>\t<path d=\"M72.82,52.18c0.58,0,0.87,0,1.15,0c3.67,0,7.35,0.06,11.02-0.02c2.85-0.06,4.37,2.19,4.35,4.35  c-0.07,8.32-0.03,16.65-0.03,24.97c0,2.66-1.64,4.32-4.28,4.32c-8.35,0.01-16.7,0.01-25.05,0c-2.65,0-4.29-1.65-4.28-4.31  c0-7.64-0.06-15.27,0.03-22.91c0.06-5.57,0.5-11.11,1.67-16.59c1.55-7.32,5.21-13.41,10.61-18.5c4.04-3.81,8.69-6.69,13.77-8.87  c2.11-0.91,4.2-0.18,5.24,1.86c1.11,2.18,2.18,4.39,3.19,6.63c1,2.22,0.13,4.37-2.19,5.41c-2.64,1.18-5.13,2.58-7.35,4.46  c-3.6,3.06-5.7,7.02-6.7,11.56C73.43,47.01,73.2,49.54,72.82,52.18z\"><\/path><\/g><\/svg>\t\t\t<\/div>\n\t\t<\/div>\n\t\t\t\t<\/div>\n\t\t\t\t<\/div>\n\t\t\t\t<div class=\"elementor-element elementor-element-c75f397 elementor-widget elementor-widget-text-editor\" data-id=\"c75f397\" data-element_type=\"widget\" data-widget_type=\"text-editor.default\">\n\t\t\t\t<div class=\"elementor-widget-container\">\n\t\t\t\t\t\t\t<p>Gracias al WMS hemos podido cumplir con la demanda que nuestro mercado exige, hemos obtenido resultados de productividad y tenemos un 99% de confiabilidad de informaci\u00f3n.<\/p>\t\t\t\t\t\t<\/div>\n\t\t\t\t<\/div>\n\t\t\t\t<div class=\"elementor-element elementor-element-4a84835 elementor-view-default elementor-widget elementor-widget-icon\" data-id=\"4a84835\" data-element_type=\"widget\" data-widget_type=\"icon.default\">\n\t\t\t\t<div class=\"elementor-widget-container\">\n\t\t\t\t\t<div class=\"elementor-icon-wrapper\">\n\t\t\t<div class=\"elementor-icon\">\n\t\t\t<svg xmlns=\"http:\/\/www.w3.org\/2000\/svg\" xmlns:xlink=\"http:\/\/www.w3.org\/1999\/xlink\" id=\"Capa_1\" x=\"0px\" y=\"0px\" viewBox=\"0 0 100 100\" style=\"enable-background:new 0 0 100 100;\" xml:space=\"preserve\"><g>\t<path d=\"M9.39,56.48c0.11-1.31,0.23-2.62,0.31-3.94c0.3-4.51,0.9-8.97,2.14-13.32C13.6,33.08,17,27.96,21.6,23.57  c4.08-3.9,8.78-6.82,13.95-9.02c2.16-0.92,4.21-0.16,5.26,1.95c1.08,2.17,2.13,4.36,3.13,6.57c1.02,2.25,0.15,4.42-2.19,5.47  c-2.83,1.27-5.5,2.79-7.81,4.89c-3.42,3.1-5.3,7.03-6.31,11.45c-0.54,2.37-0.86,4.76-0.8,7.3c0.33,0,0.61,0,0.9,0  c3.59,0,7.19,0.08,10.78-0.02c3.08-0.09,4.56,2.22,4.53,4.5C42.95,64.87,43,73.09,43,81.3c0,2.92-1.59,4.5-4.5,4.5  c-8.06,0-16.12-0.04-24.18,0.03c-2.43,0.02-4.14-0.81-4.94-3.18C9.39,73.93,9.39,65.21,9.39,56.48z\"><\/path>\t<path d=\"M72.82,52.18c0.58,0,0.87,0,1.15,0c3.67,0,7.35,0.06,11.02-0.02c2.85-0.06,4.37,2.19,4.35,4.35  c-0.07,8.32-0.03,16.65-0.03,24.97c0,2.66-1.64,4.32-4.28,4.32c-8.35,0.01-16.7,0.01-25.05,0c-2.65,0-4.29-1.65-4.28-4.31  c0-7.64-0.06-15.27,0.03-22.91c0.06-5.57,0.5-11.11,1.67-16.59c1.55-7.32,5.21-13.41,10.61-18.5c4.04-3.81,8.69-6.69,13.77-8.87  c2.11-0.91,4.2-0.18,5.24,1.86c1.11,2.18,2.18,4.39,3.19,6.63c1,2.22,0.13,4.37-2.19,5.41c-2.64,1.18-5.13,2.58-7.35,4.46  c-3.6,3.06-5.7,7.02-6.7,11.56C73.43,47.01,73.2,49.54,72.82,52.18z\"><\/path><\/g><\/svg>\t\t\t<\/div>\n\t\t<\/div>\n\t\t\t\t<\/div>\n\t\t\t\t<\/div>\n\t\t\t\t<div class=\"elementor-element elementor-element-8e8ebc0 elementor-widget elementor-widget-text-editor\" data-id=\"8e8ebc0\" data-element_type=\"widget\" data-widget_type=\"text-editor.default\">\n\t\t\t\t<div class=\"elementor-widget-container\">\n\t\t\t\t\t\t\t<p>Germ\u00e1n Escobar, Promotor del Proyecto,<br \/><strong>Acom<\/strong><\/p>\t\t\t\t\t\t<\/div>\n\t\t\t\t<\/div>\n\t\t\t\t<\/div>\n\t\t\t\t\t<\/div>\n\t\t\t\t<\/div>\n\t\t<div class=\"elementor-element elementor-element-e794b05 e-flex e-con-boxed e-con e-parent\" data-id=\"e794b05\" data-element_type=\"container\" data-settings=\"{&quot;container_type&quot;:&quot;flex&quot;,&quot;content_width&quot;:&quot;boxed&quot;}\" data-core-v316-plus=\"true\">\n\t\t\t\t\t<div class=\"e-con-inner\">\n\t\t<div class=\"elementor-element elementor-element-48b1e78 e-con-full e-flex e-con e-child\" data-id=\"48b1e78\" data-element_type=\"container\" data-settings=\"{&quot;content_width&quot;:&quot;full&quot;,&quot;container_type&quot;:&quot;flex&quot;}\">\n\t\t\t\t<div class=\"elementor-element elementor-element-08803b4 elementor-widget elementor-widget-image-box\" data-id=\"08803b4\" data-element_type=\"widget\" data-widget_type=\"image-box.default\">\n\t\t\t\t<div class=\"elementor-widget-container\">\n\t\t\t<style>\/*! elementor - v3.17.0 - 08-11-2023 *\/\n.elementor-widget-image-box .elementor-image-box-content{width:100%}@media (min-width:768px){.elementor-widget-image-box.elementor-position-left .elementor-image-box-wrapper,.elementor-widget-image-box.elementor-position-right .elementor-image-box-wrapper{display:flex}.elementor-widget-image-box.elementor-position-right .elementor-image-box-wrapper{text-align:right;flex-direction:row-reverse}.elementor-widget-image-box.elementor-position-left .elementor-image-box-wrapper{text-align:left;flex-direction:row}.elementor-widget-image-box.elementor-position-top .elementor-image-box-img{margin:auto}.elementor-widget-image-box.elementor-vertical-align-top .elementor-image-box-wrapper{align-items:flex-start}.elementor-widget-image-box.elementor-vertical-align-middle .elementor-image-box-wrapper{align-items:center}.elementor-widget-image-box.elementor-vertical-align-bottom .elementor-image-box-wrapper{align-items:flex-end}}@media (max-width:767px){.elementor-widget-image-box .elementor-image-box-img{margin-left:auto!important;margin-right:auto!important;margin-bottom:15px}}.elementor-widget-image-box .elementor-image-box-img{display:inline-block}.elementor-widget-image-box .elementor-image-box-title a{color:inherit}.elementor-widget-image-box .elementor-image-box-wrapper{text-align:center}.elementor-widget-image-box .elementor-image-box-description{margin:0}<\/style><div class=\"elementor-image-box-wrapper\"><div class=\"elementor-image-box-content\"><h3 class=\"elementor-image-box-title\">98% a 72%<\/h3><p class=\"elementor-image-box-description\">En exactitud de pedidos<\/p><\/div><\/div>\t\t<\/div>\n\t\t\t\t<\/div>\n\t\t\t\t<div class=\"elementor-element elementor-element-49c34a1 elementor-widget elementor-widget-image-box\" data-id=\"49c34a1\" data-element_type=\"widget\" data-widget_type=\"image-box.default\">\n\t\t\t\t<div class=\"elementor-widget-container\">\n\t\t\t<div class=\"elementor-image-box-wrapper\"><div class=\"elementor-image-box-content\"><h3 class=\"elementor-image-box-title\">70% a 90%<\/h3><p class=\"elementor-image-box-description\">En niveles de servicios<\/p><\/div><\/div>\t\t<\/div>\n\t\t\t\t<\/div>\n\t\t\t\t<div class=\"elementor-element elementor-element-11e68ea elementor-widget elementor-widget-image-box\" data-id=\"11e68ea\" data-element_type=\"widget\" data-widget_type=\"image-box.default\">\n\t\t\t\t<div class=\"elementor-widget-container\">\n\t\t\t<div class=\"elementor-image-box-wrapper\"><div class=\"elementor-image-box-content\"><h3 class=\"elementor-image-box-title\">99,8%<\/h3><p class=\"elementor-image-box-description\">En exactitud de inventarios<\/p><\/div><\/div>\t\t<\/div>\n\t\t\t\t<\/div>\n\t\t\t\t<div class=\"elementor-element elementor-element-5be4ad8 elementor-widget elementor-widget-image-box\" data-id=\"5be4ad8\" data-element_type=\"widget\" data-widget_type=\"image-box.default\">\n\t\t\t\t<div class=\"elementor-widget-container\">\n\t\t\t<div class=\"elementor-image-box-wrapper\"><div class=\"elementor-image-box-content\"><h3 class=\"elementor-image-box-title\">77% a 96%<\/h3><p class=\"elementor-image-box-description\">En productividad del CeDi<\/p><\/div><\/div>\t\t<\/div>\n\t\t\t\t<\/div>\n\t\t\t\t<div class=\"elementor-element elementor-element-251675f elementor-widget elementor-widget-image-box\" data-id=\"251675f\" data-element_type=\"widget\" data-widget_type=\"image-box.default\">\n\t\t\t\t<div class=\"elementor-widget-container\">\n\t\t\t<div class=\"elementor-image-box-wrapper\"><div class=\"elementor-image-box-content\"><h3 class=\"elementor-image-box-title\">360 a 0<\/h3><p class=\"elementor-image-box-description\">Horas extraordinarias en los primeros 7 meses<\/p><\/div><\/div>\t\t<\/div>\n\t\t\t\t<\/div>\n\t\t\t\t<\/div>\n\t\t<div class=\"elementor-element elementor-element-d091c91 e-con-full e-flex e-con e-child\" data-id=\"d091c91\" data-element_type=\"container\" data-settings=\"{&quot;content_width&quot;:&quot;full&quot;,&quot;container_type&quot;:&quot;flex&quot;}\">\n\t\t\t\t<div class=\"elementor-element elementor-element-08214a3 elementor-widget elementor-widget-image\" data-id=\"08214a3\" data-element_type=\"widget\" data-widget_type=\"image.default\">\n\t\t\t\t<div class=\"elementor-widget-container\">\n\t\t\t<style>\/*! elementor - v3.17.0 - 08-11-2023 *\/\n.elementor-widget-image{text-align:center}.elementor-widget-image a{display:inline-block}.elementor-widget-image a img[src$=\".svg\"]{width:48px}.elementor-widget-image img{vertical-align:middle;display:inline-block}<\/style>\t\t\t\t\t\t\t\t\t\t\t\t<img loading=\"lazy\" decoding=\"async\" width=\"666\" height=\"700\" src=\"https:\/\/www.cercatechnology.com\/pe\/wp-content\/uploads\/2023\/10\/img-textil.jpg\" class=\"attachment-large size-large wp-image-798\" alt=\"\" srcset=\"https:\/\/www.cercatechnology.com\/pe\/wp-content\/uploads\/2023\/10\/img-textil.jpg 666w, https:\/\/www.cercatechnology.com\/pe\/wp-content\/uploads\/2023\/10\/img-textil-285x300.jpg 285w\" sizes=\"auto, (max-width: 666px) 100vw, 666px\" \/>\t\t\t\t\t\t\t\t\t\t\t\t\t\t\t<\/div>\n\t\t\t\t<\/div>\n\t\t\t\t<\/div>\n\t\t\t\t\t<\/div>\n\t\t\t\t<\/div>\n\t\t<div class=\"elementor-element elementor-element-61d162a e-flex e-con-boxed e-con e-parent\" data-id=\"61d162a\" data-element_type=\"container\" data-settings=\"{&quot;container_type&quot;:&quot;flex&quot;,&quot;content_width&quot;:&quot;boxed&quot;}\" data-core-v316-plus=\"true\">\n\t\t\t\t\t<div class=\"e-con-inner\">\n\t\t\t\t<div class=\"elementor-element elementor-element-3ed07a9 elementor-widget elementor-widget-heading\" data-id=\"3ed07a9\" data-element_type=\"widget\" data-widget_type=\"heading.default\">\n\t\t\t\t<div class=\"elementor-widget-container\">\n\t\t\t<h2 class=\"elementor-heading-title elementor-size-default\">Art\u00edculos Relacionados<\/h2>\t\t<\/div>\n\t\t\t\t<\/div>\n\t\t\t\t\t<\/div>\n\t\t\t\t<\/div>\n\t\t<div class=\"elementor-element elementor-element-2531d35 e-flex e-con-boxed e-con e-parent\" data-id=\"2531d35\" data-element_type=\"container\" data-settings=\"{&quot;container_type&quot;:&quot;flex&quot;,&quot;content_width&quot;:&quot;boxed&quot;}\" data-core-v316-plus=\"true\">\n\t\t\t\t\t<div class=\"e-con-inner\">\n\t\t<div class=\"elementor-element elementor-element-712d73c e-con-full e-flex e-con e-child\" data-id=\"712d73c\" data-element_type=\"container\" data-settings=\"{&quot;content_width&quot;:&quot;full&quot;,&quot;container_type&quot;:&quot;flex&quot;}\">\n\t\t\t\t<div class=\"elementor-element elementor-element-d6cbc30 elementor-widget elementor-widget-image\" data-id=\"d6cbc30\" data-element_type=\"widget\" data-widget_type=\"image.default\">\n\t\t\t\t<div class=\"elementor-widget-container\">\n\t\t\t\t\t\t\t\t\t\t\t\t\t\t\t<img loading=\"lazy\" decoding=\"async\" width=\"500\" height=\"500\" src=\"https:\/\/www.cercatechnology.com\/pe\/wp-content\/uploads\/2023\/10\/img-soluciones-relacionados.jpg\" class=\"attachment-large size-large wp-image-399\" alt=\"\" srcset=\"https:\/\/www.cercatechnology.com\/pe\/wp-content\/uploads\/2023\/10\/img-soluciones-relacionados.jpg 500w, https:\/\/www.cercatechnology.com\/pe\/wp-content\/uploads\/2023\/10\/img-soluciones-relacionados-300x300.jpg 300w, https:\/\/www.cercatechnology.com\/pe\/wp-content\/uploads\/2023\/10\/img-soluciones-relacionados-150x150.jpg 150w\" sizes=\"auto, (max-width: 500px) 100vw, 500px\" \/>\t\t\t\t\t\t\t\t\t\t\t\t\t\t\t<\/div>\n\t\t\t\t<\/div>\n\t\t\t\t<\/div>\n\t\t<div class=\"elementor-element elementor-element-548181e e-con-full e-flex e-con e-child\" data-id=\"548181e\" data-element_type=\"container\" data-settings=\"{&quot;content_width&quot;:&quot;full&quot;,&quot;container_type&quot;:&quot;flex&quot;}\">\n\t\t\t\t<div class=\"elementor-element elementor-element-a8f92c5 elementor-align-left elementor-icon-list--layout-traditional elementor-list-item-link-full_width elementor-widget elementor-widget-icon-list\" data-id=\"a8f92c5\" data-element_type=\"widget\" data-widget_type=\"icon-list.default\">\n\t\t\t\t<div class=\"elementor-widget-container\">\n\t\t\t<link rel=\"stylesheet\" href=\"https:\/\/www.cercatechnology.com\/pe\/wp-content\/plugins\/elementor\/assets\/css\/widget-icon-list.min.css\">\t\t<ul class=\"elementor-icon-list-items\">\n\t\t\t\t\t\t\t<li class=\"elementor-icon-list-item\">\n\t\t\t\t\t\t\t\t\t\t\t<span class=\"elementor-icon-list-icon\">\n\t\t\t\t\t\t\t<svg xmlns=\"http:\/\/www.w3.org\/2000\/svg\" xmlns:xlink=\"http:\/\/www.w3.org\/1999\/xlink\" id=\"Capa_1\" x=\"0px\" y=\"0px\" viewBox=\"0 0 100 100\" style=\"enable-background:new 0 0 100 100;\" xml:space=\"preserve\"><style type=\"text\/css\">\t.st0{fill:#FFA42B;}\t.st1{fill:#002847;}\t.st2{fill:#B3B627;}<\/style><path class=\"st0\" d=\"M-50.8,91.9h-32.7c-1.6,0-2.9-1.3-2.9-2.9V56.3c0-1.6,1.3-2.9,2.9-2.9h32.7c1.6,0,2.9,1.3,2.9,2.9V89 C-47.9,90.6-49.2,91.9-50.8,91.9z\"><\/path><path class=\"st1\" d=\"M92.4,95.3H7.6c-1.6,0-2.9-1.3-2.9-2.9V7.6C4.7,6,6,4.7,7.6,4.7h84.8c1.6,0,2.9,1.3,2.9,2.9v84.8 C95.3,94,94,95.3,92.4,95.3z\"><\/path><image style=\"overflow:visible;\" width=\"1920\" height=\"800\" transform=\"matrix(1 0 0 1 -865.2105 191.5895)\"><\/image><g>\t<path class=\"st2\" d=\"M50.6,19.6c0.9,0.4,1.8,0.6,2.6,1.1c1.7,1.1,2.3,2.8,2.3,4.8c0,5.8,0,11.7,0,17.5c0,1.3,0.3,1.6,1.6,1.6  c5.8,0,11.7,0,17.5,0c1.5,0,3,0.4,4.1,1.5c1.7,1.6,2.1,3.6,1.4,5.8c-0.6,1.9-2.5,3.4-4.4,3.5c-0.6,0.1-1.2,0.1-1.8,0.1  c-5.6,0-11.2,0-16.8,0c-1.2,0-1.5,0.3-1.5,1.5c0,5.9,0,11.7,0,17.6c0,1.5-0.4,2.8-1.4,4c-1.4,1.6-3.6,2.2-5.7,1.6  c-2-0.6-3.5-2.5-3.7-4.6c0-0.5-0.1-1.1-0.1-1.6c0-5.7,0-11.3,0-17c0-1.2-0.3-1.6-1.5-1.6c-5.9,0-11.7,0-17.6,0  c-1.4,0-2.8-0.3-3.9-1.3c-1-0.9-1.6-2-1.9-3.3c0-0.1-0.1-0.2-0.1-0.3c0-0.4,0-0.8,0-1.2c0-0.1,0.1-0.2,0.1-0.3  c0.2-1.3,0.8-2.4,1.9-3.3c1.1-1,2.5-1.3,3.9-1.3c5.8,0,11.7,0,17.5,0c1.3,0,1.6-0.3,1.6-1.6c0-5.8,0-11.7,0-17.5  c0-2,0.6-3.7,2.3-4.8c0.8-0.5,1.7-0.7,2.6-1.1C49.8,19.6,50.2,19.6,50.6,19.6z\"><\/path><\/g><\/svg>\t\t\t\t\t\t<\/span>\n\t\t\t\t\t\t\t\t\t\t<span class=\"elementor-icon-list-text\">Caso de \u00c9xito Forus<\/span>\n\t\t\t\t\t\t\t\t\t<\/li>\n\t\t\t\t\t\t\t\t<li class=\"elementor-icon-list-item\">\n\t\t\t\t\t\t\t\t\t\t\t<span class=\"elementor-icon-list-icon\">\n\t\t\t\t\t\t\t<svg xmlns=\"http:\/\/www.w3.org\/2000\/svg\" xmlns:xlink=\"http:\/\/www.w3.org\/1999\/xlink\" id=\"Capa_1\" x=\"0px\" y=\"0px\" viewBox=\"0 0 100 100\" style=\"enable-background:new 0 0 100 100;\" xml:space=\"preserve\"><style type=\"text\/css\">\t.st0{fill:#FFA42B;}\t.st1{fill:#002847;}\t.st2{fill:#B3B627;}<\/style><path class=\"st0\" d=\"M-50.8,91.9h-32.7c-1.6,0-2.9-1.3-2.9-2.9V56.3c0-1.6,1.3-2.9,2.9-2.9h32.7c1.6,0,2.9,1.3,2.9,2.9V89 C-47.9,90.6-49.2,91.9-50.8,91.9z\"><\/path><path class=\"st1\" d=\"M92.4,95.3H7.6c-1.6,0-2.9-1.3-2.9-2.9V7.6C4.7,6,6,4.7,7.6,4.7h84.8c1.6,0,2.9,1.3,2.9,2.9v84.8 C95.3,94,94,95.3,92.4,95.3z\"><\/path><image style=\"overflow:visible;\" width=\"1920\" height=\"800\" transform=\"matrix(1 0 0 1 -865.2105 191.5895)\"><\/image><g>\t<path class=\"st2\" d=\"M50.6,19.6c0.9,0.4,1.8,0.6,2.6,1.1c1.7,1.1,2.3,2.8,2.3,4.8c0,5.8,0,11.7,0,17.5c0,1.3,0.3,1.6,1.6,1.6  c5.8,0,11.7,0,17.5,0c1.5,0,3,0.4,4.1,1.5c1.7,1.6,2.1,3.6,1.4,5.8c-0.6,1.9-2.5,3.4-4.4,3.5c-0.6,0.1-1.2,0.1-1.8,0.1  c-5.6,0-11.2,0-16.8,0c-1.2,0-1.5,0.3-1.5,1.5c0,5.9,0,11.7,0,17.6c0,1.5-0.4,2.8-1.4,4c-1.4,1.6-3.6,2.2-5.7,1.6  c-2-0.6-3.5-2.5-3.7-4.6c0-0.5-0.1-1.1-0.1-1.6c0-5.7,0-11.3,0-17c0-1.2-0.3-1.6-1.5-1.6c-5.9,0-11.7,0-17.6,0  c-1.4,0-2.8-0.3-3.9-1.3c-1-0.9-1.6-2-1.9-3.3c0-0.1-0.1-0.2-0.1-0.3c0-0.4,0-0.8,0-1.2c0-0.1,0.1-0.2,0.1-0.3  c0.2-1.3,0.8-2.4,1.9-3.3c1.1-1,2.5-1.3,3.9-1.3c5.8,0,11.7,0,17.5,0c1.3,0,1.6-0.3,1.6-1.6c0-5.8,0-11.7,0-17.5  c0-2,0.6-3.7,2.3-4.8c0.8-0.5,1.7-0.7,2.6-1.1C49.8,19.6,50.2,19.6,50.6,19.6z\"><\/path><\/g><\/svg>\t\t\t\t\t\t<\/span>\n\t\t\t\t\t\t\t\t\t\t<span class=\"elementor-icon-list-text\">Caso de \u00c9xito Epysa \u2013 Implementos<\/span>\n\t\t\t\t\t\t\t\t\t<\/li>\n\t\t\t\t\t\t<\/ul>\n\t\t\t\t<\/div>\n\t\t\t\t<\/div>\n\t\t\t\t<\/div>\n\t\t\t\t\t<\/div>\n\t\t\t\t<\/div>\n\t\t\t\t\t\t\t<\/div>\n\t\t","protected":false},"excerpt":{"rendered":"<p>Textil Cerca Technology es el proveedor l\u00edder en la regi\u00f3n de soluciones de software y hardware para la Cadena de Abastecimiento. Nuestro equipo de consultores, expertos en log\u00edstica y tecnolog\u00eda, es el m\u00e1s grande en Latinoam\u00e9rica, ha implementado proyectos para la ejecuci\u00f3n de la Cadena de Abastecimiento en Am\u00e9rica Latina y el Caribe con m\u00e1s [&hellip;]<\/p>\n","protected":false},"author":1,"featured_media":0,"parent":10908,"menu_order":0,"comment_status":"closed","ping_status":"closed","template":"","meta":{"_joinchat":[],"footnotes":""},"yst_prominent_words":[],"class_list":["post-771","page","type-page","status-publish","hentry"],"_links":{"self":[{"href":"https:\/\/www.cercatechnology.com\/pe\/wp-json\/wp\/v2\/pages\/771","targetHints":{"allow":["GET"]}}],"collection":[{"href":"https:\/\/www.cercatechnology.com\/pe\/wp-json\/wp\/v2\/pages"}],"about":[{"href":"https:\/\/www.cercatechnology.com\/pe\/wp-json\/wp\/v2\/types\/page"}],"author":[{"embeddable":true,"href":"https:\/\/www.cercatechnology.com\/pe\/wp-json\/wp\/v2\/users\/1"}],"replies":[{"embeddable":true,"href":"https:\/\/www.cercatechnology.com\/pe\/wp-json\/wp\/v2\/comments?post=771"}],"version-history":[{"count":22,"href":"https:\/\/www.cercatechnology.com\/pe\/wp-json\/wp\/v2\/pages\/771\/revisions"}],"predecessor-version":[{"id":11631,"href":"https:\/\/www.cercatechnology.com\/pe\/wp-json\/wp\/v2\/pages\/771\/revisions\/11631"}],"up":[{"embeddable":true,"href":"https:\/\/www.cercatechnology.com\/pe\/wp-json\/wp\/v2\/pages\/10908"}],"wp:attachment":[{"href":"https:\/\/www.cercatechnology.com\/pe\/wp-json\/wp\/v2\/media?parent=771"}],"wp:term":[{"taxonomy":"yst_prominent_words","embeddable":true,"href":"https:\/\/www.cercatechnology.com\/pe\/wp-json\/wp\/v2\/yst_prominent_words?post=771"}],"curies":[{"name":"wp","href":"https:\/\/api.w.org\/{rel}","templated":true}]}}