{"id":10249,"date":"2023-10-25T22:16:30","date_gmt":"2023-10-25T22:16:30","guid":{"rendered":"https:\/\/www.cercatechnology.com\/pe\/?page_id=10249"},"modified":"2023-11-21T01:25:33","modified_gmt":"2023-11-21T01:25:33","slug":"pagina-de-gracias","status":"publish","type":"page","link":"https:\/\/www.cercatechnology.com\/pe\/pagina-de-gracias\/","title":{"rendered":"Pagina de gracias"},"content":{"rendered":"\t\t<div data-elementor-type=\"wp-page\" data-elementor-id=\"10249\" class=\"elementor elementor-10249\" data-elementor-post-type=\"page\">\n\t\t\t\t\t\t\t<div class=\"elementor-element elementor-element-ff6ff79 e-flex e-con-boxed e-con e-parent\" data-id=\"ff6ff79\" data-element_type=\"container\" data-settings=\"{&quot;background_background&quot;:&quot;classic&quot;,&quot;container_type&quot;:&quot;flex&quot;,&quot;content_width&quot;:&quot;boxed&quot;}\" data-e-bg-lazyload=\"\" data-core-v316-plus=\"true\">\n\t\t\t\t\t<div class=\"e-con-inner\">\n\t\t<div class=\"elementor-element elementor-element-71a8a3c e-con-full e-flex e-con e-child\" data-id=\"71a8a3c\" data-element_type=\"container\" data-settings=\"{&quot;content_width&quot;:&quot;full&quot;,&quot;container_type&quot;:&quot;flex&quot;}\">\n\t\t\t\t<div class=\"elementor-element elementor-element-9a59462 elementor-widget elementor-widget-heading\" data-id=\"9a59462\" data-element_type=\"widget\" data-widget_type=\"heading.default\">\n\t\t\t\t<div class=\"elementor-widget-container\">\n\t\t\t<style>\/*! elementor - v3.17.0 - 08-11-2023 *\/\n.elementor-heading-title{padding:0;margin:0;line-height:1}.elementor-widget-heading .elementor-heading-title[class*=elementor-size-]>a{color:inherit;font-size:inherit;line-height:inherit}.elementor-widget-heading .elementor-heading-title.elementor-size-small{font-size:15px}.elementor-widget-heading .elementor-heading-title.elementor-size-medium{font-size:19px}.elementor-widget-heading .elementor-heading-title.elementor-size-large{font-size:29px}.elementor-widget-heading .elementor-heading-title.elementor-size-xl{font-size:39px}.elementor-widget-heading .elementor-heading-title.elementor-size-xxl{font-size:59px}<\/style><h2 class=\"elementor-heading-title elementor-size-default\">\u00a1GRACIAS!<\/h2>\t\t<\/div>\n\t\t\t\t<\/div>\n\t\t\t\t<div class=\"elementor-element elementor-element-9bba20e elementor-widget elementor-widget-text-editor\" data-id=\"9bba20e\" data-element_type=\"widget\" data-widget_type=\"text-editor.default\">\n\t\t\t\t<div class=\"elementor-widget-container\">\n\t\t\t<style>\/*! elementor - v3.17.0 - 08-11-2023 *\/\n.elementor-widget-text-editor.elementor-drop-cap-view-stacked .elementor-drop-cap{background-color:#69727d;color:#fff}.elementor-widget-text-editor.elementor-drop-cap-view-framed .elementor-drop-cap{color:#69727d;border:3px solid;background-color:transparent}.elementor-widget-text-editor:not(.elementor-drop-cap-view-default) .elementor-drop-cap{margin-top:8px}.elementor-widget-text-editor:not(.elementor-drop-cap-view-default) .elementor-drop-cap-letter{width:1em;height:1em}.elementor-widget-text-editor .elementor-drop-cap{float:left;text-align:center;line-height:1;font-size:50px}.elementor-widget-text-editor .elementor-drop-cap-letter{display:inline-block}<\/style>\t\t\t\t<p>Pronto uno de nuestros asesores se pondr\u00e1 en contacto contigo<\/p>\t\t\t\t\t\t<\/div>\n\t\t\t\t<\/div>\n\t\t\t\t<\/div>\n\t\t<div class=\"elementor-element elementor-element-3010006 e-con-full e-flex e-con e-child\" data-id=\"3010006\" data-element_type=\"container\" data-settings=\"{&quot;content_width&quot;:&quot;full&quot;,&quot;container_type&quot;:&quot;flex&quot;}\">\n\t\t\t\t<div class=\"elementor-element elementor-element-1fbef56 elementor-widget elementor-widget-heading\" data-id=\"1fbef56\" data-element_type=\"widget\" data-widget_type=\"heading.default\">\n\t\t\t\t<div class=\"elementor-widget-container\">\n\t\t\t<h2 class=\"elementor-heading-title elementor-size-default\">Visita<\/h2>\t\t<\/div>\n\t\t\t\t<\/div>\n\t\t<div class=\"elementor-element elementor-element-591c2ce e-flex e-con-boxed e-con e-child\" data-id=\"591c2ce\" data-element_type=\"container\" data-settings=\"{&quot;container_type&quot;:&quot;flex&quot;,&quot;content_width&quot;:&quot;boxed&quot;}\">\n\t\t\t\t\t<div class=\"e-con-inner\">\n\t\t<div class=\"elementor-element elementor-element-a5b841c e-flex e-con-boxed e-con e-child\" data-id=\"a5b841c\" data-element_type=\"container\" data-settings=\"{&quot;container_type&quot;:&quot;flex&quot;,&quot;content_width&quot;:&quot;boxed&quot;}\">\n\t\t\t\t\t<div class=\"e-con-inner\">\n\t\t\t\t<div class=\"elementor-element elementor-element-d70d3a5 elementor-widget elementor-widget-image\" data-id=\"d70d3a5\" data-element_type=\"widget\" data-widget_type=\"image.default\">\n\t\t\t\t<div class=\"elementor-widget-container\">\n\t\t\t<style>\/*! elementor - v3.17.0 - 08-11-2023 *\/\n.elementor-widget-image{text-align:center}.elementor-widget-image a{display:inline-block}.elementor-widget-image a img[src$=\".svg\"]{width:48px}.elementor-widget-image img{vertical-align:middle;display:inline-block}<\/style>\t\t\t\t\t\t\t\t\t\t\t\t<img loading=\"lazy\" decoding=\"async\" width=\"800\" height=\"500\" src=\"https:\/\/www.cercatechnology.com\/pe\/wp-content\/uploads\/2023\/11\/banner-nuevo-cliente-mavesa.jpg\" class=\"attachment-large size-large wp-image-11436\" alt=\"\" srcset=\"https:\/\/www.cercatechnology.com\/pe\/wp-content\/uploads\/2023\/11\/banner-nuevo-cliente-mavesa.jpg 800w, https:\/\/www.cercatechnology.com\/pe\/wp-content\/uploads\/2023\/11\/banner-nuevo-cliente-mavesa-300x188.jpg 300w, https:\/\/www.cercatechnology.com\/pe\/wp-content\/uploads\/2023\/11\/banner-nuevo-cliente-mavesa-768x480.jpg 768w\" sizes=\"auto, (max-width: 800px) 100vw, 800px\" \/>\t\t\t\t\t\t\t\t\t\t\t\t\t\t\t<\/div>\n\t\t\t\t<\/div>\n\t\t\t\t<div class=\"elementor-element elementor-element-69f3083 elementor-widget elementor-widget-text-editor\" data-id=\"69f3083\" data-element_type=\"widget\" data-widget_type=\"text-editor.default\">\n\t\t\t\t<div class=\"elementor-widget-container\">\n\t\t\t\t\t\t\tMavesa, comercializadora de autopartes, conf\u00eda su estrategia de digitalizaci\u00f3n en Infor CloudSuite\t\t\t\t\t\t<\/div>\n\t\t\t\t<\/div>\n\t\t\t\t\t<\/div>\n\t\t\t\t<\/div>\n\t\t<div class=\"elementor-element elementor-element-caba6ee e-flex e-con-boxed e-con e-child\" data-id=\"caba6ee\" data-element_type=\"container\" data-settings=\"{&quot;container_type&quot;:&quot;flex&quot;,&quot;content_width&quot;:&quot;boxed&quot;}\">\n\t\t\t\t\t<div class=\"e-con-inner\">\n\t\t\t\t<div class=\"elementor-element elementor-element-7da661b elementor-widget elementor-widget-image\" data-id=\"7da661b\" data-element_type=\"widget\" data-widget_type=\"image.default\">\n\t\t\t\t<div class=\"elementor-widget-container\">\n\t\t\t\t\t\t\t\t\t\t\t\t\t\t\t<img loading=\"lazy\" decoding=\"async\" width=\"800\" height=\"534\" src=\"https:\/\/www.cercatechnology.com\/pe\/wp-content\/uploads\/2023\/10\/Rotacion-de-inventario-fabian2-1024x683.png\" class=\"attachment-large size-large wp-image-10252\" alt=\"\" srcset=\"https:\/\/www.cercatechnology.com\/pe\/wp-content\/uploads\/2023\/10\/Rotacion-de-inventario-fabian2-1024x683.png 1024w, https:\/\/www.cercatechnology.com\/pe\/wp-content\/uploads\/2023\/10\/Rotacion-de-inventario-fabian2-300x200.png 300w, https:\/\/www.cercatechnology.com\/pe\/wp-content\/uploads\/2023\/10\/Rotacion-de-inventario-fabian2-768x512.png 768w, https:\/\/www.cercatechnology.com\/pe\/wp-content\/uploads\/2023\/10\/Rotacion-de-inventario-fabian2.png 1200w\" sizes=\"auto, (max-width: 800px) 100vw, 800px\" \/>\t\t\t\t\t\t\t\t\t\t\t\t\t\t\t<\/div>\n\t\t\t\t<\/div>\n\t\t\t\t<div class=\"elementor-element elementor-element-c098fce elementor-widget elementor-widget-text-editor\" data-id=\"c098fce\" data-element_type=\"widget\" data-widget_type=\"text-editor.default\">\n\t\t\t\t<div class=\"elementor-widget-container\">\n\t\t\t\t\t\t\t\u00bfQu\u00e9 es la rotaci\u00f3n de inventarios en la log\u00edstica 4.0?\t\t\t\t\t\t<\/div>\n\t\t\t\t<\/div>\n\t\t\t\t\t<\/div>\n\t\t\t\t<\/div>\n\t\t\t\t\t<\/div>\n\t\t\t\t<\/div>\n\t\t\t\t<div class=\"elementor-element elementor-element-50785dd elementor-align-left elementor-widget elementor-widget-button\" data-id=\"50785dd\" data-element_type=\"widget\" data-widget_type=\"button.default\">\n\t\t\t\t<div class=\"elementor-widget-container\">\n\t\t\t\t\t<div class=\"elementor-button-wrapper\">\n\t\t\t<a class=\"elementor-button elementor-button-link elementor-size-sm elementor-animation-shrink\" href=\"https:\/\/www.cercatechnology.com\/pe\">\n\t\t\t\t\t\t<span class=\"elementor-button-content-wrapper\">\n\t\t\t\t\t\t<span class=\"elementor-button-text\">IR A LA WEB<\/span>\n\t\t<\/span>\n\t\t\t\t\t<\/a>\n\t\t<\/div>\n\t\t\t\t<\/div>\n\t\t\t\t<\/div>\n\t\t\t\t<\/div>\n\t\t\t\t\t<\/div>\n\t\t\t\t<\/div>\n\t\t\t\t\t\t\t<\/div>\n\t\t","protected":false},"excerpt":{"rendered":"<p>\u00a1GRACIAS! Pronto uno de nuestros asesores se pondr\u00e1 en contacto contigo Visita Mavesa, comercializadora de autopartes, conf\u00eda su estrategia de digitalizaci\u00f3n en Infor CloudSuite \u00bfQu\u00e9 es la rotaci\u00f3n de inventarios en la log\u00edstica 4.0? IR A LA WEB<\/p>\n","protected":false},"author":1,"featured_media":0,"parent":0,"menu_order":0,"comment_status":"closed","ping_status":"closed","template":"","meta":{"_joinchat":[],"footnotes":""},"yst_prominent_words":[],"class_list":["post-10249","page","type-page","status-publish","hentry"],"_links":{"self":[{"href":"https:\/\/www.cercatechnology.com\/pe\/wp-json\/wp\/v2\/pages\/10249","targetHints":{"allow":["GET"]}}],"collection":[{"href":"https:\/\/www.cercatechnology.com\/pe\/wp-json\/wp\/v2\/pages"}],"about":[{"href":"https:\/\/www.cercatechnology.com\/pe\/wp-json\/wp\/v2\/types\/page"}],"author":[{"embeddable":true,"href":"https:\/\/www.cercatechnology.com\/pe\/wp-json\/wp\/v2\/users\/1"}],"replies":[{"embeddable":true,"href":"https:\/\/www.cercatechnology.com\/pe\/wp-json\/wp\/v2\/comments?post=10249"}],"version-history":[{"count":16,"href":"https:\/\/www.cercatechnology.com\/pe\/wp-json\/wp\/v2\/pages\/10249\/revisions"}],"predecessor-version":[{"id":11450,"href":"https:\/\/www.cercatechnology.com\/pe\/wp-json\/wp\/v2\/pages\/10249\/revisions\/11450"}],"wp:attachment":[{"href":"https:\/\/www.cercatechnology.com\/pe\/wp-json\/wp\/v2\/media?parent=10249"}],"wp:term":[{"taxonomy":"yst_prominent_words","embeddable":true,"href":"https:\/\/www.cercatechnology.com\/pe\/wp-json\/wp\/v2\/yst_prominent_words?post=10249"}],"curies":[{"name":"wp","href":"https:\/\/api.w.org\/{rel}","templated":true}]}}